{"id":96,"date":"2022-07-24T08:34:51","date_gmt":"2022-07-24T06:34:51","guid":{"rendered":"https:\/\/www.felsineoveg.com\/fr\/?post_type=product&#038;p=96"},"modified":"2024-03-05T16:50:40","modified_gmt":"2024-03-05T15:50:40","slug":"good-and-green-mopur-delicat","status":"publish","type":"product","link":"https:\/\/www.felsineoveg.com\/fr\/produit\/good-and-green-mopur-delicat\/","title":{"rendered":"Good&amp;Green Mopur\u00ae D\u00e9licat"},"content":{"rendered":"\n<p>Agr\u00e9ablement doux et \u00e9quilibr\u00e9. Avec un go\u00fbt fin, il est caract\u00e9ris\u00e9 par une couleur intense et une agr\u00e9able compacit\u00e9.<\/p>\n\n\n\n<p><strong>C\u2019est le plus \u00e9quilibr\u00e9!<\/strong><\/p>\n","protected":false},"author":1,"featured_media":118,"template":"","products":[13,10],"class_list":["post-96","product","type-product","status-publish","has-post-thumbnail","hentry","products-cereales-et-legumineuses-charcuterie-vegetale","products-charcuterie-vegetale"],"_links":{"self":[{"href":"https:\/\/www.felsineoveg.com\/fr\/wp-json\/wp\/v2\/product\/96","targetHints":{"allow":["GET"]}}],"collection":[{"href":"https:\/\/www.felsineoveg.com\/fr\/wp-json\/wp\/v2\/product"}],"about":[{"href":"https:\/\/www.felsineoveg.com\/fr\/wp-json\/wp\/v2\/types\/product"}],"author":[{"embeddable":true,"href":"https:\/\/www.felsineoveg.com\/fr\/wp-json\/wp\/v2\/users\/1"}],"version-history":[{"count":2,"href":"https:\/\/www.felsineoveg.com\/fr\/wp-json\/wp\/v2\/product\/96\/revisions"}],"predecessor-version":[{"id":215,"href":"https:\/\/www.felsineoveg.com\/fr\/wp-json\/wp\/v2\/product\/96\/revisions\/215"}],"wp:featuredmedia":[{"embeddable":true,"href":"https:\/\/www.felsineoveg.com\/fr\/wp-json\/wp\/v2\/media\/118"}],"wp:attachment":[{"href":"https:\/\/www.felsineoveg.com\/fr\/wp-json\/wp\/v2\/media?parent=96"}],"wp:term":[{"taxonomy":"products","embeddable":true,"href":"https:\/\/www.felsineoveg.com\/fr\/wp-json\/wp\/v2\/products?post=96"}],"curies":[{"name":"wp","href":"https:\/\/api.w.org\/{rel}","templated":true}]}}