{"id":95,"date":"2022-07-24T08:22:44","date_gmt":"2022-07-24T06:22:44","guid":{"rendered":"https:\/\/www.felsineoveg.com\/fr\/?post_type=product&#038;p=95"},"modified":"2024-03-05T16:52:09","modified_gmt":"2024-03-05T15:52:09","slug":"good-and-green-mopur-avec-lupin","status":"publish","type":"product","link":"https:\/\/www.felsineoveg.com\/fr\/produit\/good-and-green-mopur-avec-lupin\/","title":{"rendered":"Good&amp;Green Mopur\u00ae Avec Lupin"},"content":{"rendered":"\n<p>Il se distingue par ses chauds reflets dor\u00e9s, c\u2019est un d\u00e9lice pour les v\u00e9ritables connaisseurs. App\u00e9tissant, indiqu\u00e9 pour ceux qui recherchent un go\u00fbt exquis.<\/p>\n\n\n\n<p><strong>C\u2019est le plus savoureux!<\/strong><\/p>\n","protected":false},"author":1,"featured_media":117,"template":"","products":[13,10],"class_list":["post-95","product","type-product","status-publish","has-post-thumbnail","hentry","products-cereales-et-legumineuses-charcuterie-vegetale","products-charcuterie-vegetale"],"_links":{"self":[{"href":"https:\/\/www.felsineoveg.com\/fr\/wp-json\/wp\/v2\/product\/95","targetHints":{"allow":["GET"]}}],"collection":[{"href":"https:\/\/www.felsineoveg.com\/fr\/wp-json\/wp\/v2\/product"}],"about":[{"href":"https:\/\/www.felsineoveg.com\/fr\/wp-json\/wp\/v2\/types\/product"}],"author":[{"embeddable":true,"href":"https:\/\/www.felsineoveg.com\/fr\/wp-json\/wp\/v2\/users\/1"}],"version-history":[{"count":2,"href":"https:\/\/www.felsineoveg.com\/fr\/wp-json\/wp\/v2\/product\/95\/revisions"}],"predecessor-version":[{"id":212,"href":"https:\/\/www.felsineoveg.com\/fr\/wp-json\/wp\/v2\/product\/95\/revisions\/212"}],"wp:featuredmedia":[{"embeddable":true,"href":"https:\/\/www.felsineoveg.com\/fr\/wp-json\/wp\/v2\/media\/117"}],"wp:attachment":[{"href":"https:\/\/www.felsineoveg.com\/fr\/wp-json\/wp\/v2\/media?parent=95"}],"wp:term":[{"taxonomy":"products","embeddable":true,"href":"https:\/\/www.felsineoveg.com\/fr\/wp-json\/wp\/v2\/products?post=95"}],"curies":[{"name":"wp","href":"https:\/\/api.w.org\/{rel}","templated":true}]}}