{"id":372,"date":"2024-06-11T09:50:46","date_gmt":"2024-06-11T07:50:46","guid":{"rendered":"https:\/\/www.felsineoveg.com\/fr\/?post_type=product&#038;p=372"},"modified":"2024-06-11T10:21:06","modified_gmt":"2024-06-11T08:21:06","slug":"good-and-green-mopur-one-al-gusto-raffinato","status":"publish","type":"product","link":"https:\/\/www.felsineoveg.com\/fr\/produit\/good-and-green-mopur-one-al-gusto-raffinato\/","title":{"rendered":"Good&amp;Green Mopur\u00ae One al gusto Raffinato"},"content":{"rendered":"\n<p>Sa combinaison unique de saveurs sophistiqu\u00e9es et de texture impeccable en fait un plaisir pour le palais et une option culinaire in\u00e9gal\u00e9e.<\/p>\n","protected":false},"author":1,"featured_media":373,"template":"","products":[43],"class_list":["post-372","product","type-product","status-publish","has-post-thumbnail","hentry","products-medaillons-vegetales"],"_links":{"self":[{"href":"https:\/\/www.felsineoveg.com\/fr\/wp-json\/wp\/v2\/product\/372","targetHints":{"allow":["GET"]}}],"collection":[{"href":"https:\/\/www.felsineoveg.com\/fr\/wp-json\/wp\/v2\/product"}],"about":[{"href":"https:\/\/www.felsineoveg.com\/fr\/wp-json\/wp\/v2\/types\/product"}],"author":[{"embeddable":true,"href":"https:\/\/www.felsineoveg.com\/fr\/wp-json\/wp\/v2\/users\/1"}],"version-history":[{"count":1,"href":"https:\/\/www.felsineoveg.com\/fr\/wp-json\/wp\/v2\/product\/372\/revisions"}],"predecessor-version":[{"id":374,"href":"https:\/\/www.felsineoveg.com\/fr\/wp-json\/wp\/v2\/product\/372\/revisions\/374"}],"wp:featuredmedia":[{"embeddable":true,"href":"https:\/\/www.felsineoveg.com\/fr\/wp-json\/wp\/v2\/media\/373"}],"wp:attachment":[{"href":"https:\/\/www.felsineoveg.com\/fr\/wp-json\/wp\/v2\/media?parent=372"}],"wp:term":[{"taxonomy":"products","embeddable":true,"href":"https:\/\/www.felsineoveg.com\/fr\/wp-json\/wp\/v2\/products?post=372"}],"curies":[{"name":"wp","href":"https:\/\/api.w.org\/{rel}","templated":true}]}}