{"id":369,"date":"2024-06-11T09:50:46","date_gmt":"2024-06-11T07:50:46","guid":{"rendered":"https:\/\/www.felsineoveg.com\/fr\/?post_type=product&#038;p=369"},"modified":"2024-06-11T10:21:37","modified_gmt":"2024-06-11T08:21:37","slug":"good-and-green-mopur-one-al-gusto-saporito","status":"publish","type":"product","link":"https:\/\/www.felsineoveg.com\/fr\/produit\/good-and-green-mopur-one-al-gusto-saporito\/","title":{"rendered":"Good&amp;Green Mopur\u00ae One al gusto Saporito"},"content":{"rendered":"\n<p>Gr\u00e2ce \u00e0 son go\u00fbt prononc\u00e9, MopurOne al gusto Saporito est id\u00e9al pour accompagner les l\u00e9gumes de saison, les fromages et pour garnir d&rsquo;irr\u00e9sistibles sandwichs.<\/p>\n","protected":false},"author":1,"featured_media":370,"template":"","products":[43],"class_list":["post-369","product","type-product","status-publish","has-post-thumbnail","hentry","products-medaillons-vegetales"],"_links":{"self":[{"href":"https:\/\/www.felsineoveg.com\/fr\/wp-json\/wp\/v2\/product\/369","targetHints":{"allow":["GET"]}}],"collection":[{"href":"https:\/\/www.felsineoveg.com\/fr\/wp-json\/wp\/v2\/product"}],"about":[{"href":"https:\/\/www.felsineoveg.com\/fr\/wp-json\/wp\/v2\/types\/product"}],"author":[{"embeddable":true,"href":"https:\/\/www.felsineoveg.com\/fr\/wp-json\/wp\/v2\/users\/1"}],"version-history":[{"count":2,"href":"https:\/\/www.felsineoveg.com\/fr\/wp-json\/wp\/v2\/product\/369\/revisions"}],"predecessor-version":[{"id":375,"href":"https:\/\/www.felsineoveg.com\/fr\/wp-json\/wp\/v2\/product\/369\/revisions\/375"}],"wp:featuredmedia":[{"embeddable":true,"href":"https:\/\/www.felsineoveg.com\/fr\/wp-json\/wp\/v2\/media\/370"}],"wp:attachment":[{"href":"https:\/\/www.felsineoveg.com\/fr\/wp-json\/wp\/v2\/media?parent=369"}],"wp:term":[{"taxonomy":"products","embeddable":true,"href":"https:\/\/www.felsineoveg.com\/fr\/wp-json\/wp\/v2\/products?post=369"}],"curies":[{"name":"wp","href":"https:\/\/api.w.org\/{rel}","templated":true}]}}