{"id":352,"date":"2023-08-30T12:19:49","date_gmt":"2023-08-30T10:19:49","guid":{"rendered":"https:\/\/www.felsineoveg.com\/fr\/?post_type=product&#038;p=352"},"modified":"2024-03-12T10:53:16","modified_gmt":"2024-03-12T09:53:16","slug":"good-and-green-mopur-barre-de-tranchage-au-au-poivre","status":"publish","type":"product","link":"https:\/\/www.felsineoveg.com\/fr\/produit\/good-and-green-mopur-barre-de-tranchage-au-au-poivre\/","title":{"rendered":"Good&amp;Green Mopur\u00ae Barre de tranchage Au Poivre"},"content":{"rendered":"\n<p>Go\u00fbt fort et intense gr\u00e2ce \u00e0 l&rsquo;association de betterave rouge et de poivre noir et blanc<strong>.<\/strong><\/p>\n","protected":false},"author":2,"featured_media":0,"template":"","products":[37,36],"class_list":["post-352","product","type-product","status-publish","hentry","products-cereales-et-legumineuses-tranches-vegetales","products-tranches-vegetales"],"_links":{"self":[{"href":"https:\/\/www.felsineoveg.com\/fr\/wp-json\/wp\/v2\/product\/352","targetHints":{"allow":["GET"]}}],"collection":[{"href":"https:\/\/www.felsineoveg.com\/fr\/wp-json\/wp\/v2\/product"}],"about":[{"href":"https:\/\/www.felsineoveg.com\/fr\/wp-json\/wp\/v2\/types\/product"}],"author":[{"embeddable":true,"href":"https:\/\/www.felsineoveg.com\/fr\/wp-json\/wp\/v2\/users\/2"}],"version-history":[{"count":3,"href":"https:\/\/www.felsineoveg.com\/fr\/wp-json\/wp\/v2\/product\/352\/revisions"}],"predecessor-version":[{"id":355,"href":"https:\/\/www.felsineoveg.com\/fr\/wp-json\/wp\/v2\/product\/352\/revisions\/355"}],"wp:attachment":[{"href":"https:\/\/www.felsineoveg.com\/fr\/wp-json\/wp\/v2\/media?parent=352"}],"wp:term":[{"taxonomy":"products","embeddable":true,"href":"https:\/\/www.felsineoveg.com\/fr\/wp-json\/wp\/v2\/products?post=352"}],"curies":[{"name":"wp","href":"https:\/\/api.w.org\/{rel}","templated":true}]}}