{"id":348,"date":"2023-08-30T11:55:17","date_gmt":"2023-08-30T09:55:17","guid":{"rendered":"https:\/\/www.felsineoveg.com\/fr\/?post_type=product&#038;p=348"},"modified":"2024-03-05T13:18:34","modified_gmt":"2024-03-05T12:18:34","slug":"good-and-green-mopur-barre-de-tranchage-au-gout-de-poulet-roti","status":"publish","type":"product","link":"https:\/\/www.felsineoveg.com\/fr\/produit\/good-and-green-mopur-barre-de-tranchage-au-gout-de-poulet-roti\/","title":{"rendered":"Good&amp;Green Mopur\u00ae Barre de tranchage au go\u00fbt de Poulet R\u00f4ti"},"content":{"rendered":"\n<p>Est un produit \u00e0 la saveur d\u00e9licate et enveloppante avec de l\u00e9g\u00e8res notes fum\u00e9es. La nuance la plus chaleureuse est donn\u00e9e par la farine de lentilles.<\/p>\n","protected":false},"author":2,"featured_media":0,"template":"","products":[38,36],"class_list":["post-348","product","type-product","status-publish","hentry","products-gourmet-tranches-vegetales","products-tranches-vegetales"],"_links":{"self":[{"href":"https:\/\/www.felsineoveg.com\/fr\/wp-json\/wp\/v2\/product\/348","targetHints":{"allow":["GET"]}}],"collection":[{"href":"https:\/\/www.felsineoveg.com\/fr\/wp-json\/wp\/v2\/product"}],"about":[{"href":"https:\/\/www.felsineoveg.com\/fr\/wp-json\/wp\/v2\/types\/product"}],"author":[{"embeddable":true,"href":"https:\/\/www.felsineoveg.com\/fr\/wp-json\/wp\/v2\/users\/2"}],"version-history":[{"count":2,"href":"https:\/\/www.felsineoveg.com\/fr\/wp-json\/wp\/v2\/product\/348\/revisions"}],"predecessor-version":[{"id":350,"href":"https:\/\/www.felsineoveg.com\/fr\/wp-json\/wp\/v2\/product\/348\/revisions\/350"}],"wp:attachment":[{"href":"https:\/\/www.felsineoveg.com\/fr\/wp-json\/wp\/v2\/media?parent=348"}],"wp:term":[{"taxonomy":"products","embeddable":true,"href":"https:\/\/www.felsineoveg.com\/fr\/wp-json\/wp\/v2\/products?post=348"}],"curies":[{"name":"wp","href":"https:\/\/api.w.org\/{rel}","templated":true}]}}