{"id":346,"date":"2023-08-30T11:35:31","date_gmt":"2023-08-30T09:35:31","guid":{"rendered":"https:\/\/www.felsineoveg.com\/fr\/?post_type=product&#038;p=346"},"modified":"2024-03-05T13:18:48","modified_gmt":"2024-03-05T12:18:48","slug":"good-and-green-mopur-barre-de-tranchage-au-gout-de-bresaola","status":"publish","type":"product","link":"https:\/\/www.felsineoveg.com\/fr\/produit\/good-and-green-mopur-barre-de-tranchage-au-gout-de-bresaola\/","title":{"rendered":"Good&amp;Green Mopur\u00ae Barre de tranchage au go\u00fbt de Bresaola"},"content":{"rendered":"\n<p>Se caract\u00e9rise par une saveur d\u00e9licate et l\u00e9g\u00e8rement sucr\u00e9e, enrichie par une note \u00e9pic\u00e9e qui vous s\u00e9duira tranche apr\u00e8s tranche.<\/p>\n","protected":false},"author":2,"featured_media":0,"template":"","products":[38,36],"class_list":["post-346","product","type-product","status-publish","hentry","products-gourmet-tranches-vegetales","products-tranches-vegetales"],"_links":{"self":[{"href":"https:\/\/www.felsineoveg.com\/fr\/wp-json\/wp\/v2\/product\/346","targetHints":{"allow":["GET"]}}],"collection":[{"href":"https:\/\/www.felsineoveg.com\/fr\/wp-json\/wp\/v2\/product"}],"about":[{"href":"https:\/\/www.felsineoveg.com\/fr\/wp-json\/wp\/v2\/types\/product"}],"author":[{"embeddable":true,"href":"https:\/\/www.felsineoveg.com\/fr\/wp-json\/wp\/v2\/users\/2"}],"version-history":[{"count":1,"href":"https:\/\/www.felsineoveg.com\/fr\/wp-json\/wp\/v2\/product\/346\/revisions"}],"predecessor-version":[{"id":347,"href":"https:\/\/www.felsineoveg.com\/fr\/wp-json\/wp\/v2\/product\/346\/revisions\/347"}],"wp:attachment":[{"href":"https:\/\/www.felsineoveg.com\/fr\/wp-json\/wp\/v2\/media?parent=346"}],"wp:term":[{"taxonomy":"products","embeddable":true,"href":"https:\/\/www.felsineoveg.com\/fr\/wp-json\/wp\/v2\/products?post=346"}],"curies":[{"name":"wp","href":"https:\/\/api.w.org\/{rel}","templated":true}]}}