{"id":340,"date":"2023-08-30T11:01:15","date_gmt":"2023-08-30T09:01:15","guid":{"rendered":"https:\/\/www.felsineoveg.com\/fr\/?post_type=product&#038;p=340"},"modified":"2024-03-05T13:18:57","modified_gmt":"2024-03-05T12:18:57","slug":"good-and-green-mopur-barre-de-tranchage-au-gout-de-speck","status":"publish","type":"product","link":"https:\/\/www.felsineoveg.com\/fr\/produit\/good-and-green-mopur-barre-de-tranchage-au-gout-de-speck\/","title":{"rendered":"Good&amp;Green Mopur\u00ae Barre de tranchage au go\u00fbt de Speck"},"content":{"rendered":"\n<p>Une excellente alternative v\u00e9g viande capable de rappeler le go\u00fbt typique du jambon fum\u00e9. Le plus intense!<\/p>\n","protected":false},"author":2,"featured_media":0,"template":"","products":[38,36],"class_list":["post-340","product","type-product","status-publish","hentry","products-gourmet-tranches-vegetales","products-tranches-vegetales"],"_links":{"self":[{"href":"https:\/\/www.felsineoveg.com\/fr\/wp-json\/wp\/v2\/product\/340","targetHints":{"allow":["GET"]}}],"collection":[{"href":"https:\/\/www.felsineoveg.com\/fr\/wp-json\/wp\/v2\/product"}],"about":[{"href":"https:\/\/www.felsineoveg.com\/fr\/wp-json\/wp\/v2\/types\/product"}],"author":[{"embeddable":true,"href":"https:\/\/www.felsineoveg.com\/fr\/wp-json\/wp\/v2\/users\/2"}],"version-history":[{"count":3,"href":"https:\/\/www.felsineoveg.com\/fr\/wp-json\/wp\/v2\/product\/340\/revisions"}],"predecessor-version":[{"id":345,"href":"https:\/\/www.felsineoveg.com\/fr\/wp-json\/wp\/v2\/product\/340\/revisions\/345"}],"wp:attachment":[{"href":"https:\/\/www.felsineoveg.com\/fr\/wp-json\/wp\/v2\/media?parent=340"}],"wp:term":[{"taxonomy":"products","embeddable":true,"href":"https:\/\/www.felsineoveg.com\/fr\/wp-json\/wp\/v2\/products?post=340"}],"curies":[{"name":"wp","href":"https:\/\/api.w.org\/{rel}","templated":true}]}}