{"id":338,"date":"2023-08-30T10:40:05","date_gmt":"2023-08-30T08:40:05","guid":{"rendered":"https:\/\/www.felsineoveg.com\/fr\/?post_type=product&#038;p=338"},"modified":"2024-03-05T13:19:06","modified_gmt":"2024-03-05T12:19:06","slug":"good-and-green-mopur-barre-de-tranchage-au-gout-de-jambon-cuit","status":"publish","type":"product","link":"https:\/\/www.felsineoveg.com\/fr\/produit\/good-and-green-mopur-barre-de-tranchage-au-gout-de-jambon-cuit\/","title":{"rendered":"Good&amp;Green Mopur\u00ae Barre de tranchage au go\u00fbt de Jambon Cuit"},"content":{"rendered":"\n<p>Il rappelle la saveur traditionnelle du jambon le plus appr\u00e9ci\u00e9 des Italiens, il se caract\u00e9rise par une saveur d\u00e9licate et enveloppante capable de satisfaire tous les palais.<\/p>\n","protected":false},"author":2,"featured_media":0,"template":"","products":[38,36],"class_list":["post-338","product","type-product","status-publish","hentry","products-gourmet-tranches-vegetales","products-tranches-vegetales"],"_links":{"self":[{"href":"https:\/\/www.felsineoveg.com\/fr\/wp-json\/wp\/v2\/product\/338","targetHints":{"allow":["GET"]}}],"collection":[{"href":"https:\/\/www.felsineoveg.com\/fr\/wp-json\/wp\/v2\/product"}],"about":[{"href":"https:\/\/www.felsineoveg.com\/fr\/wp-json\/wp\/v2\/types\/product"}],"author":[{"embeddable":true,"href":"https:\/\/www.felsineoveg.com\/fr\/wp-json\/wp\/v2\/users\/2"}],"version-history":[{"count":1,"href":"https:\/\/www.felsineoveg.com\/fr\/wp-json\/wp\/v2\/product\/338\/revisions"}],"predecessor-version":[{"id":339,"href":"https:\/\/www.felsineoveg.com\/fr\/wp-json\/wp\/v2\/product\/338\/revisions\/339"}],"wp:attachment":[{"href":"https:\/\/www.felsineoveg.com\/fr\/wp-json\/wp\/v2\/media?parent=338"}],"wp:term":[{"taxonomy":"products","embeddable":true,"href":"https:\/\/www.felsineoveg.com\/fr\/wp-json\/wp\/v2\/products?post=338"}],"curies":[{"name":"wp","href":"https:\/\/api.w.org\/{rel}","templated":true}]}}