{"id":238,"date":"2022-11-16T08:31:54","date_gmt":"2022-11-16T07:31:54","guid":{"rendered":"https:\/\/www.felsineoveg.com\/fr\/?post_type=product&#038;p=238"},"modified":"2024-03-05T13:20:54","modified_gmt":"2024-03-05T12:20:54","slug":"good-and-green-mopur-des-vegetaux-au-gout-de-pancetta-fume","status":"publish","type":"product","link":"https:\/\/www.felsineoveg.com\/fr\/produit\/good-and-green-mopur-des-vegetaux-au-gout-de-pancetta-fume\/","title":{"rendered":"Good&amp;Green Mopur\u00ae D\u00e9s v\u00e9g\u00e9taux au go\u00fbt de Poitrine fume\u00e9"},"content":{"rendered":"\n<p>Preparazione alimentare a base di glutine di frumento e semola di grano duro al gusto di pancetta affumicata.<\/p>\n","protected":false},"author":1,"featured_media":242,"template":"","products":[11],"class_list":["post-238","product","type-product","status-publish","has-post-thumbnail","hentry","products-des-vegetaux"],"_links":{"self":[{"href":"https:\/\/www.felsineoveg.com\/fr\/wp-json\/wp\/v2\/product\/238","targetHints":{"allow":["GET"]}}],"collection":[{"href":"https:\/\/www.felsineoveg.com\/fr\/wp-json\/wp\/v2\/product"}],"about":[{"href":"https:\/\/www.felsineoveg.com\/fr\/wp-json\/wp\/v2\/types\/product"}],"author":[{"embeddable":true,"href":"https:\/\/www.felsineoveg.com\/fr\/wp-json\/wp\/v2\/users\/1"}],"version-history":[{"count":3,"href":"https:\/\/www.felsineoveg.com\/fr\/wp-json\/wp\/v2\/product\/238\/revisions"}],"predecessor-version":[{"id":279,"href":"https:\/\/www.felsineoveg.com\/fr\/wp-json\/wp\/v2\/product\/238\/revisions\/279"}],"wp:featuredmedia":[{"embeddable":true,"href":"https:\/\/www.felsineoveg.com\/fr\/wp-json\/wp\/v2\/media\/242"}],"wp:attachment":[{"href":"https:\/\/www.felsineoveg.com\/fr\/wp-json\/wp\/v2\/media?parent=238"}],"wp:term":[{"taxonomy":"products","embeddable":true,"href":"https:\/\/www.felsineoveg.com\/fr\/wp-json\/wp\/v2\/products?post=238"}],"curies":[{"name":"wp","href":"https:\/\/api.w.org\/{rel}","templated":true}]}}