{"id":137,"date":"2022-07-24T08:52:19","date_gmt":"2022-07-24T06:52:19","guid":{"rendered":"https:\/\/www.felsineoveg.com\/fr\/?post_type=product&#038;p=137"},"modified":"2024-03-05T16:50:00","modified_gmt":"2024-03-05T15:50:00","slug":"good-and-green-mopur-au-gout-de-poulet-roti","status":"publish","type":"product","link":"https:\/\/www.felsineoveg.com\/fr\/produit\/good-and-green-mopur-au-gout-de-poulet-roti\/","title":{"rendered":"Good&amp;Green Mopur\u00ae au go\u00fbt de Poulet R\u00f4ti"},"content":{"rendered":"\n<p>Produit au go\u00fbt d\u00e9licat avec un soup\u00e7on de fum\u00e9. Une nouveaut\u00e9 qui pourra s\u00e9duire tous les palais gr\u00e2ce \u00e0 sa consistance velout\u00e9e et \u00e0 son go\u00fbt sublime.<\/p>\n","protected":false},"author":1,"featured_media":139,"template":"","products":[10,14],"class_list":["post-137","product","type-product","status-publish","has-post-thumbnail","hentry","products-charcuterie-vegetale","products-gourmet-charcuterie-vegetale"],"_links":{"self":[{"href":"https:\/\/www.felsineoveg.com\/fr\/wp-json\/wp\/v2\/product\/137","targetHints":{"allow":["GET"]}}],"collection":[{"href":"https:\/\/www.felsineoveg.com\/fr\/wp-json\/wp\/v2\/product"}],"about":[{"href":"https:\/\/www.felsineoveg.com\/fr\/wp-json\/wp\/v2\/types\/product"}],"author":[{"embeddable":true,"href":"https:\/\/www.felsineoveg.com\/fr\/wp-json\/wp\/v2\/users\/1"}],"version-history":[{"count":3,"href":"https:\/\/www.felsineoveg.com\/fr\/wp-json\/wp\/v2\/product\/137\/revisions"}],"predecessor-version":[{"id":220,"href":"https:\/\/www.felsineoveg.com\/fr\/wp-json\/wp\/v2\/product\/137\/revisions\/220"}],"wp:featuredmedia":[{"embeddable":true,"href":"https:\/\/www.felsineoveg.com\/fr\/wp-json\/wp\/v2\/media\/139"}],"wp:attachment":[{"href":"https:\/\/www.felsineoveg.com\/fr\/wp-json\/wp\/v2\/media?parent=137"}],"wp:term":[{"taxonomy":"products","embeddable":true,"href":"https:\/\/www.felsineoveg.com\/fr\/wp-json\/wp\/v2\/products?post=137"}],"curies":[{"name":"wp","href":"https:\/\/api.w.org\/{rel}","templated":true}]}}