{"id":127,"date":"2022-07-24T08:58:54","date_gmt":"2022-07-24T06:58:54","guid":{"rendered":"https:\/\/www.felsineoveg.com\/fr\/?post_type=product&#038;p=127"},"modified":"2024-03-05T16:48:14","modified_gmt":"2024-03-05T15:48:14","slug":"good-and-green-mopur-au-gout-de-speck","status":"publish","type":"product","link":"https:\/\/www.felsineoveg.com\/fr\/produit\/good-and-green-mopur-au-gout-de-speck\/","title":{"rendered":"Good&amp;Green Mopur\u00ae au go\u00fbt de Speck"},"content":{"rendered":"\n<p>Une excellente alternative v\u00e9g viande capable de rappeler le go\u00fbt typique du jambon fum\u00e9. Le plus intense!<\/p>\n","protected":false},"author":1,"featured_media":132,"template":"","products":[10,14],"class_list":["post-127","product","type-product","status-publish","has-post-thumbnail","hentry","products-charcuterie-vegetale","products-gourmet-charcuterie-vegetale"],"_links":{"self":[{"href":"https:\/\/www.felsineoveg.com\/fr\/wp-json\/wp\/v2\/product\/127","targetHints":{"allow":["GET"]}}],"collection":[{"href":"https:\/\/www.felsineoveg.com\/fr\/wp-json\/wp\/v2\/product"}],"about":[{"href":"https:\/\/www.felsineoveg.com\/fr\/wp-json\/wp\/v2\/types\/product"}],"author":[{"embeddable":true,"href":"https:\/\/www.felsineoveg.com\/fr\/wp-json\/wp\/v2\/users\/1"}],"version-history":[{"count":5,"href":"https:\/\/www.felsineoveg.com\/fr\/wp-json\/wp\/v2\/product\/127\/revisions"}],"predecessor-version":[{"id":342,"href":"https:\/\/www.felsineoveg.com\/fr\/wp-json\/wp\/v2\/product\/127\/revisions\/342"}],"wp:featuredmedia":[{"embeddable":true,"href":"https:\/\/www.felsineoveg.com\/fr\/wp-json\/wp\/v2\/media\/132"}],"wp:attachment":[{"href":"https:\/\/www.felsineoveg.com\/fr\/wp-json\/wp\/v2\/media?parent=127"}],"wp:term":[{"taxonomy":"products","embeddable":true,"href":"https:\/\/www.felsineoveg.com\/fr\/wp-json\/wp\/v2\/products?post=127"}],"curies":[{"name":"wp","href":"https:\/\/api.w.org\/{rel}","templated":true}]}}