{"id":106,"date":"2022-07-24T09:22:49","date_gmt":"2022-07-24T07:22:49","guid":{"rendered":"https:\/\/www.felsineoveg.com\/fr\/?post_type=product&#038;p=106"},"modified":"2024-03-05T13:22:35","modified_gmt":"2024-03-05T12:22:35","slug":"good-and-green-mopur-des-vegetaux-au-gout-de-pancetta","status":"publish","type":"product","link":"https:\/\/www.felsineoveg.com\/fr\/produit\/good-and-green-mopur-des-vegetaux-au-gout-de-pancetta\/","title":{"rendered":"Good&amp;Green Mopur\u00ae D\u00e9s v\u00e9g\u00e9taux au go\u00fbt de Poitrine"},"content":{"rendered":"\n<p>Toute la qualit\u00e9 d\u2019un produit v\u00e9g\u00e9tal dans un nouveau format all\u00e9chant&nbsp;: les petits d\u00e9s parfaits pour pr\u00e9parer des recettes saines sans renoncer aux plaisirs de la table et \u00e0 un go\u00fbt riche et tentant. Un excellent partenaire \u00e0 la cuisine pour chaque type de pr\u00e9paration, des plats de p\u00e2tes, jusqu\u2019aux salades, en passant par n\u2019importe quel type d\u2019autre pr\u00e9paration.<\/p>\n","protected":false},"author":1,"featured_media":148,"template":"","products":[11],"class_list":["post-106","product","type-product","status-publish","has-post-thumbnail","hentry","products-des-vegetaux"],"_links":{"self":[{"href":"https:\/\/www.felsineoveg.com\/fr\/wp-json\/wp\/v2\/product\/106","targetHints":{"allow":["GET"]}}],"collection":[{"href":"https:\/\/www.felsineoveg.com\/fr\/wp-json\/wp\/v2\/product"}],"about":[{"href":"https:\/\/www.felsineoveg.com\/fr\/wp-json\/wp\/v2\/types\/product"}],"author":[{"embeddable":true,"href":"https:\/\/www.felsineoveg.com\/fr\/wp-json\/wp\/v2\/users\/1"}],"version-history":[{"count":5,"href":"https:\/\/www.felsineoveg.com\/fr\/wp-json\/wp\/v2\/product\/106\/revisions"}],"predecessor-version":[{"id":289,"href":"https:\/\/www.felsineoveg.com\/fr\/wp-json\/wp\/v2\/product\/106\/revisions\/289"}],"wp:featuredmedia":[{"embeddable":true,"href":"https:\/\/www.felsineoveg.com\/fr\/wp-json\/wp\/v2\/media\/148"}],"wp:attachment":[{"href":"https:\/\/www.felsineoveg.com\/fr\/wp-json\/wp\/v2\/media?parent=106"}],"wp:term":[{"taxonomy":"products","embeddable":true,"href":"https:\/\/www.felsineoveg.com\/fr\/wp-json\/wp\/v2\/products?post=106"}],"curies":[{"name":"wp","href":"https:\/\/api.w.org\/{rel}","templated":true}]}}