{"id":103,"date":"2022-07-24T09:08:07","date_gmt":"2022-07-24T07:08:07","guid":{"rendered":"https:\/\/www.felsineoveg.com\/fr\/?post_type=product&#038;p=103"},"modified":"2024-03-05T16:48:07","modified_gmt":"2024-03-05T15:48:07","slug":"good-and-green-mopur-au-gout-de-bresaola","status":"publish","type":"product","link":"https:\/\/www.felsineoveg.com\/fr\/produit\/good-and-green-mopur-au-gout-de-bresaola\/","title":{"rendered":"Good&amp;Green Mopur\u00ae au go\u00fbt de Bresaola"},"content":{"rendered":"\n<p>Un v\u00e9ritable d\u00e9lice sans prot\u00e9ine animale, qui rappelle le go\u00fbt inimitable du carpaccio italien.<\/p>\n","protected":false},"author":1,"featured_media":135,"template":"","products":[10,14],"class_list":["post-103","product","type-product","status-publish","has-post-thumbnail","hentry","products-charcuterie-vegetale","products-gourmet-charcuterie-vegetale"],"_links":{"self":[{"href":"https:\/\/www.felsineoveg.com\/fr\/wp-json\/wp\/v2\/product\/103","targetHints":{"allow":["GET"]}}],"collection":[{"href":"https:\/\/www.felsineoveg.com\/fr\/wp-json\/wp\/v2\/product"}],"about":[{"href":"https:\/\/www.felsineoveg.com\/fr\/wp-json\/wp\/v2\/types\/product"}],"author":[{"embeddable":true,"href":"https:\/\/www.felsineoveg.com\/fr\/wp-json\/wp\/v2\/users\/1"}],"version-history":[{"count":3,"href":"https:\/\/www.felsineoveg.com\/fr\/wp-json\/wp\/v2\/product\/103\/revisions"}],"predecessor-version":[{"id":225,"href":"https:\/\/www.felsineoveg.com\/fr\/wp-json\/wp\/v2\/product\/103\/revisions\/225"}],"wp:featuredmedia":[{"embeddable":true,"href":"https:\/\/www.felsineoveg.com\/fr\/wp-json\/wp\/v2\/media\/135"}],"wp:attachment":[{"href":"https:\/\/www.felsineoveg.com\/fr\/wp-json\/wp\/v2\/media?parent=103"}],"wp:term":[{"taxonomy":"products","embeddable":true,"href":"https:\/\/www.felsineoveg.com\/fr\/wp-json\/wp\/v2\/products?post=103"}],"curies":[{"name":"wp","href":"https:\/\/api.w.org\/{rel}","templated":true}]}}