{"id":90,"date":"2022-07-23T10:24:32","date_gmt":"2022-07-23T08:24:32","guid":{"rendered":"https:\/\/www.felsineoveg.com\/fr\/?page_id=90"},"modified":"2022-07-23T10:24:35","modified_gmt":"2022-07-23T08:24:35","slug":"un-style-de-vie-correct","status":"publish","type":"page","link":"https:\/\/www.felsineoveg.com\/fr\/un-style-de-vie-correct\/","title":{"rendered":"Un style de Vie Correct"},"content":{"rendered":"\n<p>Un style de vie correct, qui contribue au bien-\u00eatre de la personne, n\u00e9cessite d\u2019une alimentation \u00e9quilibr\u00e9e et d\u2019exercice physique appropri\u00e9 et r\u00e9gulier. Des recommandations essentielles pour les populations, comme la n\u00f4tre, qui disposent de grandes quantit\u00e9s d\u2019aliments et tendent toutefois \u00e0 mener une vie s\u00e9dentaire.<\/p>\n\n\n\n<p>Le d\u00e9s\u00e9quilibre \u00e9nerg\u00e9tique, \u00e0 savoir le bilan positif entre l\u2019\u00e9nergie prise avec les aliments et l\u2019\u00e9nergie \u00e9limin\u00e9e avec l\u2019activit\u00e9 physique, est la premi\u00e8re cause du surpoids. Avec le risque progressif et cons\u00e9cutif d\u2019apparition de pathologies non transmissibles (ob\u00e9sit\u00e9, maladies m\u00e9taboliques et cardiovasculaires, diab\u00e8tes, etc.).<\/p>\n\n\n\n<h3 class=\"wp-block-heading\">La Pyramide alimentaire<\/h3>\n\n\n\n<p>La m\u00e9thode la plus intuitive pour organiser son propre r\u00e9gime selon les recommandations des nutritionnistes consiste \u00e0 suivre la Pyramide alimentaires o\u00f9 les diff\u00e9rents groupes d\u2019aliments sont ins\u00e9r\u00e9s selon un ordre qui met au sommet les aliments \u00e0 consommer avec mod\u00e9ration. La Pyramide \u00e9labor\u00e9e par l\u2019Universit\u00e9 La Sapienza de Rome simplifie ult\u00e9rieurement l\u2019organisation d\u2019un r\u00e9gime \u00e9quilibr\u00e9, en indiquant les portions conseill\u00e9es de chaque groupe d\u2019aliments.<\/p>\n\n\n\n<h4 class=\"wp-block-heading\">Fruits et l\u00e9gumes<\/h4>\n\n\n\n<p>Les l\u00e9gumes sont riches en eau, min\u00e9raux, fibres et anti-oxydants. Nous recommandons au moins deux portions par jour. Similaire dans la composition aux l\u00e9gumes verts, le fruit a une teneur en sucres plus \u00e9lev\u00e9e. Nous recommandons au moins deux ou trois portions par jour.<\/p>\n\n\n\n<h4 class=\"wp-block-heading\">C\u00e9r\u00e9ales<\/h4>\n\n\n\n<p>Le pain, les p\u00e2tes, le riz et les pommes de terre apportent de l\u2019\u00e9nergie \u00e0 notre organisme. Nous recommandons 4 ou 5 portions par jour.<\/p>\n\n\n\n<h4 class=\"wp-block-heading\">Assaisonnements<\/h4>\n\n\n\n<p>Pr\u00e9f\u00e9rer l\u2019huile d\u2019olive extra-vierge, riche en graisses insatur\u00e9es et en vitamine E, aux propri\u00e9t\u00e9s antioxydantes. Limiter le beurre, riche en graisses satur\u00e9es. Ne pas d\u00e9passer les trois ou quatre portions par jour (une portion \u00e9quivaut \u00e0 une cuiller d\u2019huile ou \u00e0 une noix de 10g de beurre).<\/p>\n\n\n\n<h4 class=\"wp-block-heading\">Lait et laitages<\/h4>\n\n\n\n<p>Outre le calcium, les laitages contiennent des prot\u00e9ines et certaines vitamines. La composition varie dans les diff\u00e9rents aliments. On trouve notamment une forte quantit\u00e9 de sel dans certains fromages. Deux ou trois portions par jour (une portion correspond \u00e0 un verre de lait de 125 ml ou \u00e0 un pot de yaourt ou \u00e0 50g de fromage affin\u00e9).<\/p>\n\n\n\n<h4 class=\"wp-block-heading\">Viande, poisson, \u0153ufs et l\u00e9gumes<\/h4>\n\n\n\n<p>Riches en prot\u00e9ines, vitamines, fer et autres min\u00e9raux, ils jouent un r\u00f4le fondamental pour l\u2019\u00e9quilibre de notre organisme, mais doivent \u00eatre consomm\u00e9s avec mod\u00e9ration, sans jamais d\u00e9passer, une, maximum deux, portions quotidiennes. La viande, de pr\u00e9f\u00e9rence blanche, ne doit \u00eatre jamais consomm\u00e9e plus de quatre ou cinq fois par semaine. Trois portions par semaine pour la charcuterie (une portion est \u00e9gale \u00e0 50 grammes de produit), en \u00e9vitant les produits tr\u00e8s riches en sel. Deux fois par semaine, \u0153ufs, poissons, crustac\u00e9s et mollusques (de pr\u00e9f\u00e9rence le poisson bleu, comme les sardines, maquereaux, anchois, riche en om\u00e9ga 3), et des l\u00e9gumes (haricots, petits pois, pois chiches, lentilles), riches en fibres.<\/p>\n\n\n\n<h4 class=\"wp-block-heading\">Au sommet de la pyramide<\/h4>\n\n\n\n<p>Les g\u00e2teaux, le chocolat, les frites en sachet, les amuse-gueule sucr\u00e9s et sal\u00e9s. En \u00e9vitant en tout cas les produits avec de l\u2019huile de palme qui pr\u00e9sentent de nombreux inconv\u00e9nients (<a href=\"http:\/\/www.greatitalianfoodtrade.it\/news-food-times\">Food Times<\/a>). Ces produits ont tendance \u00e0 contenir beaucoup de mati\u00e8res grasses, graisses satur\u00e9es, sucres et\/ou sel, sans toutefois offrir des nutriments (comme les prot\u00e9ines) ou des micro-nutriments importants (min\u00e9raux et des vitamines).<\/p>\n\n\n<div class=\"wp-block-image\">\n<figure class=\"aligncenter size-large is-resized\"><img decoding=\"async\" src=\"https:\/\/www.felsineoveg.com\/fr\/wp-content\/themes\/felsineoveg-fr\/img\/banners\/page\/healthy-lifestyles\/banner-1.png\" alt=\"\" width=\"450\"\/><\/figure>\n<\/div>\n\n\n<h3 class=\"wp-block-heading\">L\u2019exercice physique fait du bien<\/h3>\n\n\n\n<p>Faire de l\u2019exercice physique de mani\u00e8re r\u00e9guli\u00e8re et constante est un autre \u00e9l\u00e9ment crucial pour maintenir un bon fonctionnement de l\u2019organisme, utiliser l\u2019\u00e9nergie ing\u00e9r\u00e9e avec les aliments et pr\u00e9venir diff\u00e9rentes pathologies.<br>Outre la Pyramide alimentaire, l\u2019Universit\u00e9 La Sapienza de Rome a \u00e9labor\u00e9 la Pyramide de l\u2019activit\u00e9 physique. En fonction des conditions physiques de chacun:<\/p>\n\n\n\n<h4 class=\"wp-block-heading\">Combattre la s\u00e9dentarit\u00e9<\/h4>\n\n\n\n<p>L\u2019activit\u00e9 plus simple se trouve \u00e0 la base de la pyramide\u00a0: marcher \u00e0 un pas rapide pendant au moins 15 minutes deux fois par jour.<\/p>\n\n\n\n<h4 class=\"wp-block-heading\">Un style de vie plus actif<\/h4>\n\n\n\n<p>Une heure d\u2019exercice: danse, natation, gymnastique, par exemple. R\u00e9p\u00e9ter de deux \u00e0 quatre fois par semaine.<\/p>\n\n\n\n<h4 class=\"wp-block-heading\">Un style de vie sportif<\/h4>\n\n\n\n<p>Gymnastique a\u00e9robic, tennis, football, course. R\u00e9p\u00e9ter 1-2 fois par semaine.<\/p>\n\n\n<div class=\"wp-block-image\">\n<figure class=\"aligncenter size-large is-resized\"><img decoding=\"async\" src=\"https:\/\/www.felsineoveg.com\/fr\/wp-content\/themes\/felsineoveg-fr\/img\/banners\/page\/healthy-lifestyles\/banner-2.png\" alt=\"\" width=\"450\"\/><\/figure>\n<\/div>","protected":false},"excerpt":{"rendered":"<p>Un style de vie correct, qui contribue au bien-\u00eatre de la personne, n\u00e9cessite d\u2019une alimentation \u00e9quilibr\u00e9e et d\u2019exercice physique appropri\u00e9 et r\u00e9gulier. Des recommandations essentielles pour les populations, comme la n\u00f4tre, qui disposent de grandes quantit\u00e9s d\u2019aliments et tendent toutefois \u00e0 mener une vie s\u00e9dentaire. Le d\u00e9s\u00e9quilibre \u00e9nerg\u00e9tique, \u00e0 savoir le bilan positif entre l\u2019\u00e9nergie [&hellip;]<\/p>\n","protected":false},"author":1,"featured_media":91,"parent":0,"menu_order":0,"comment_status":"closed","ping_status":"closed","template":"","meta":{"footnotes":""},"class_list":["post-90","page","type-page","status-publish","has-post-thumbnail","hentry"],"_links":{"self":[{"href":"https:\/\/www.felsineoveg.com\/fr\/wp-json\/wp\/v2\/pages\/90","targetHints":{"allow":["GET"]}}],"collection":[{"href":"https:\/\/www.felsineoveg.com\/fr\/wp-json\/wp\/v2\/pages"}],"about":[{"href":"https:\/\/www.felsineoveg.com\/fr\/wp-json\/wp\/v2\/types\/page"}],"author":[{"embeddable":true,"href":"https:\/\/www.felsineoveg.com\/fr\/wp-json\/wp\/v2\/users\/1"}],"replies":[{"embeddable":true,"href":"https:\/\/www.felsineoveg.com\/fr\/wp-json\/wp\/v2\/comments?post=90"}],"version-history":[{"count":1,"href":"https:\/\/www.felsineoveg.com\/fr\/wp-json\/wp\/v2\/pages\/90\/revisions"}],"predecessor-version":[{"id":92,"href":"https:\/\/www.felsineoveg.com\/fr\/wp-json\/wp\/v2\/pages\/90\/revisions\/92"}],"wp:featuredmedia":[{"embeddable":true,"href":"https:\/\/www.felsineoveg.com\/fr\/wp-json\/wp\/v2\/media\/91"}],"wp:attachment":[{"href":"https:\/\/www.felsineoveg.com\/fr\/wp-json\/wp\/v2\/media?parent=90"}],"curies":[{"name":"wp","href":"https:\/\/api.w.org\/{rel}","templated":true}]}}