{"id":80,"date":"2022-07-12T14:41:10","date_gmt":"2022-07-12T12:41:10","guid":{"rendered":"https:\/\/www.felsineoveg.com\/fr\/?page_id=80"},"modified":"2023-02-22T09:52:23","modified_gmt":"2023-02-22T08:52:23","slug":"donnees-de-la-societe","status":"publish","type":"page","link":"https:\/\/www.felsineoveg.com\/fr\/donnees-de-la-societe\/","title":{"rendered":"Donn\u00e9es de la soci\u00e9t\u00e9"},"content":{"rendered":"\n<h3 class=\"wp-block-heading\" id=\"felsineoveg-s-r-l-societa-benefit\">FelsineoVeg S.r.l. Societ\u00e0 Benefit<\/h3>\n\n\n\n<p>Via Masetti 6, 40069 Zola Predosa (BO), Italie<br>T\u00e9l. +39 051\u00a00190601 \u2013 Fax. +39 051 0190602 \u2013 info@felsineoveg.com<br>Inscrite au Registre des Soci\u00e9t\u00e9s et du Commerce de BOLOGNA \u2013N\u00b0 d\u2019Identification Fiscale et Code IVA 03561781208<br>Inscrite au R.E.A. de BOLOGNA sous le n\u00b0 529003<br>Capital Social 2.500.000,00 euros e. l.<\/p>\n\n\n\n<p><strong><strong>Soci\u00e9t\u00e9 sujette \u00e0 l\u2019activit\u00e9 de direction et coordination de Felsineo S.p.A. Societ\u00e0 Benefit<\/strong><\/strong><\/p>\n","protected":false},"excerpt":{"rendered":"<p>FelsineoVeg S.r.l. Societ\u00e0 Benefit Via Masetti 6, 40069 Zola Predosa (BO), ItalieT\u00e9l. +39 051\u00a00190601 \u2013 Fax. +39 051 0190602 \u2013 info@felsineoveg.comInscrite au Registre des Soci\u00e9t\u00e9s et du Commerce de BOLOGNA \u2013N\u00b0 d\u2019Identification Fiscale et Code IVA 03561781208Inscrite au R.E.A. de BOLOGNA sous le n\u00b0 529003Capital Social 2.500.000,00 euros e. l. Soci\u00e9t\u00e9 sujette \u00e0 l\u2019activit\u00e9 de [&hellip;]<\/p>\n","protected":false},"author":1,"featured_media":33,"parent":0,"menu_order":0,"comment_status":"closed","ping_status":"closed","template":"","meta":{"footnotes":""},"class_list":["post-80","page","type-page","status-publish","has-post-thumbnail","hentry"],"_links":{"self":[{"href":"https:\/\/www.felsineoveg.com\/fr\/wp-json\/wp\/v2\/pages\/80","targetHints":{"allow":["GET"]}}],"collection":[{"href":"https:\/\/www.felsineoveg.com\/fr\/wp-json\/wp\/v2\/pages"}],"about":[{"href":"https:\/\/www.felsineoveg.com\/fr\/wp-json\/wp\/v2\/types\/page"}],"author":[{"embeddable":true,"href":"https:\/\/www.felsineoveg.com\/fr\/wp-json\/wp\/v2\/users\/1"}],"replies":[{"embeddable":true,"href":"https:\/\/www.felsineoveg.com\/fr\/wp-json\/wp\/v2\/comments?post=80"}],"version-history":[{"count":2,"href":"https:\/\/www.felsineoveg.com\/fr\/wp-json\/wp\/v2\/pages\/80\/revisions"}],"predecessor-version":[{"id":252,"href":"https:\/\/www.felsineoveg.com\/fr\/wp-json\/wp\/v2\/pages\/80\/revisions\/252"}],"wp:featuredmedia":[{"embeddable":true,"href":"https:\/\/www.felsineoveg.com\/fr\/wp-json\/wp\/v2\/media\/33"}],"wp:attachment":[{"href":"https:\/\/www.felsineoveg.com\/fr\/wp-json\/wp\/v2\/media?parent=80"}],"curies":[{"name":"wp","href":"https:\/\/api.w.org\/{rel}","templated":true}]}}