{"id":71,"date":"2022-07-12T13:48:08","date_gmt":"2022-07-12T11:48:08","guid":{"rendered":"https:\/\/www.felsineoveg.com\/fr\/?page_id=71"},"modified":"2022-07-12T13:49:21","modified_gmt":"2022-07-12T11:49:21","slug":"produits","status":"publish","type":"page","link":"https:\/\/www.felsineoveg.com\/fr\/produits\/","title":{"rendered":"Produits"},"content":{"rendered":"\n<p>Tous les produits sont r\u00e9alis\u00e9s avec des <strong>ingr\u00e9dients s\u00e9lectionn\u00e9s<\/strong>, en mesure d\u2019offrir une r\u00e9ponse di\u00e9t\u00e9tique et alimentaire \u00e9quilibr\u00e9e \u00e0 la demande croissante d\u2019alternatives v\u00e9g\u00e9tales.<\/p>\n\n\n\n<p><strong><strong>Nos produits sont bons et conviennent \u00e0 toute la famille.<\/strong><\/strong> C\u2019est une gamme de produits soign\u00e9s d\u00e8s le choix de la mati\u00e8re premi\u00e8re et trait\u00e9s avec soin et passion, en poursuivant une strat\u00e9gie qui vise \u00e0 offrir des produits de haute qualit\u00e9.<\/p>\n","protected":false},"excerpt":{"rendered":"<p>Tous les produits sont r\u00e9alis\u00e9s avec des ingr\u00e9dients s\u00e9lectionn\u00e9s, en mesure d\u2019offrir une r\u00e9ponse di\u00e9t\u00e9tique et alimentaire \u00e9quilibr\u00e9e \u00e0 la demande croissante d\u2019alternatives v\u00e9g\u00e9tales. Nos produits sont bons et conviennent \u00e0 toute la famille. C\u2019est une gamme de produits soign\u00e9s d\u00e8s le choix de la mati\u00e8re premi\u00e8re et trait\u00e9s avec soin et passion, en poursuivant [&hellip;]<\/p>\n","protected":false},"author":1,"featured_media":74,"parent":0,"menu_order":0,"comment_status":"closed","ping_status":"closed","template":"page-products.php","meta":{"footnotes":""},"class_list":["post-71","page","type-page","status-publish","has-post-thumbnail","hentry"],"_links":{"self":[{"href":"https:\/\/www.felsineoveg.com\/fr\/wp-json\/wp\/v2\/pages\/71","targetHints":{"allow":["GET"]}}],"collection":[{"href":"https:\/\/www.felsineoveg.com\/fr\/wp-json\/wp\/v2\/pages"}],"about":[{"href":"https:\/\/www.felsineoveg.com\/fr\/wp-json\/wp\/v2\/types\/page"}],"author":[{"embeddable":true,"href":"https:\/\/www.felsineoveg.com\/fr\/wp-json\/wp\/v2\/users\/1"}],"replies":[{"embeddable":true,"href":"https:\/\/www.felsineoveg.com\/fr\/wp-json\/wp\/v2\/comments?post=71"}],"version-history":[{"count":2,"href":"https:\/\/www.felsineoveg.com\/fr\/wp-json\/wp\/v2\/pages\/71\/revisions"}],"predecessor-version":[{"id":75,"href":"https:\/\/www.felsineoveg.com\/fr\/wp-json\/wp\/v2\/pages\/71\/revisions\/75"}],"wp:featuredmedia":[{"embeddable":true,"href":"https:\/\/www.felsineoveg.com\/fr\/wp-json\/wp\/v2\/media\/74"}],"wp:attachment":[{"href":"https:\/\/www.felsineoveg.com\/fr\/wp-json\/wp\/v2\/media?parent=71"}],"curies":[{"name":"wp","href":"https:\/\/api.w.org\/{rel}","templated":true}]}}