{"id":67,"date":"2022-07-12T11:26:57","date_gmt":"2022-07-12T09:26:57","guid":{"rendered":"https:\/\/www.felsineoveg.com\/fr\/?page_id=67"},"modified":"2022-07-26T11:57:13","modified_gmt":"2022-07-26T09:57:13","slug":"recettes","status":"publish","type":"page","link":"https:\/\/www.felsineoveg.com\/fr\/recettes\/","title":{"rendered":"Recettes"},"content":{"rendered":"\n<p><strong><strong>Tant d\u2019id\u00e9es et de go\u00fbts pour garantir un maximum de vari\u00e9t\u00e9 \u00e0 la cuisine.<\/strong><\/strong><\/p>\n\n\n\n<p>Dans cette section vous pouvez essayer <strong>des plats simples et d\u00e9licieux<\/strong>, <strong>\u00e0 savourer en famille ou avec des amis<\/strong>. Choisissez dans notre vaste gamme le produit qui sera le protagoniste de votre plat et d\u00e9cidez si vous voulez le savourer au naturel ou vous mettre \u00e0 la preuve aux fourneaux. <strong>Nos produits se pr\u00eatent en effet aux pr\u00e9parations les plus vari\u00e9es<\/strong>&nbsp;: le go\u00fbt se renforce en s\u2019amalgamant avec celui des \u00e9pices et des assaisonnements utilis\u00e9s. Votre cr\u00e9ativit\u00e9 est la seule limite.<\/p>\n","protected":false},"excerpt":{"rendered":"<p>Tant d\u2019id\u00e9es et de go\u00fbts pour garantir un maximum de vari\u00e9t\u00e9 \u00e0 la cuisine. Dans cette section vous pouvez essayer des plats simples et d\u00e9licieux, \u00e0 savourer en famille ou avec des amis. Choisissez dans notre vaste gamme le produit qui sera le protagoniste de votre plat et d\u00e9cidez si vous voulez le savourer au [&hellip;]<\/p>\n","protected":false},"author":1,"featured_media":68,"parent":0,"menu_order":0,"comment_status":"closed","ping_status":"closed","template":"page-recipes.php","meta":{"footnotes":""},"class_list":["post-67","page","type-page","status-publish","has-post-thumbnail","hentry"],"_links":{"self":[{"href":"https:\/\/www.felsineoveg.com\/fr\/wp-json\/wp\/v2\/pages\/67","targetHints":{"allow":["GET"]}}],"collection":[{"href":"https:\/\/www.felsineoveg.com\/fr\/wp-json\/wp\/v2\/pages"}],"about":[{"href":"https:\/\/www.felsineoveg.com\/fr\/wp-json\/wp\/v2\/types\/page"}],"author":[{"embeddable":true,"href":"https:\/\/www.felsineoveg.com\/fr\/wp-json\/wp\/v2\/users\/1"}],"replies":[{"embeddable":true,"href":"https:\/\/www.felsineoveg.com\/fr\/wp-json\/wp\/v2\/comments?post=67"}],"version-history":[{"count":2,"href":"https:\/\/www.felsineoveg.com\/fr\/wp-json\/wp\/v2\/pages\/67\/revisions"}],"predecessor-version":[{"id":181,"href":"https:\/\/www.felsineoveg.com\/fr\/wp-json\/wp\/v2\/pages\/67\/revisions\/181"}],"wp:featuredmedia":[{"embeddable":true,"href":"https:\/\/www.felsineoveg.com\/fr\/wp-json\/wp\/v2\/media\/68"}],"wp:attachment":[{"href":"https:\/\/www.felsineoveg.com\/fr\/wp-json\/wp\/v2\/media?parent=67"}],"curies":[{"name":"wp","href":"https:\/\/api.w.org\/{rel}","templated":true}]}}