{"id":52,"date":"2022-07-08T14:10:10","date_gmt":"2022-07-08T12:10:10","guid":{"rendered":"https:\/\/www.felsineoveg.com\/fr\/?page_id=52"},"modified":"2023-03-28T11:56:09","modified_gmt":"2023-03-28T09:56:09","slug":"good-and-green","status":"publish","type":"page","link":"https:\/\/www.felsineoveg.com\/fr\/good-and-green\/","title":{"rendered":"Good&#038;Green"},"content":{"rendered":"\n<p><strong>FelsineoVeg r\u00e9pond aux nouvelles tendances de consommation avec la charcuterie v\u00e9g\u00e9tale et biologique GOOD&amp;GREEN<\/strong>, en offrant une alternative \u00e0 la viande ou simplement d\u2019\u00e9quilibrer le r\u00e9gime de mani\u00e8re vari\u00e9e et \u00e9quilibr\u00e9e avec un juste apport en prot\u00e9ines 100% v\u00e9g\u00e9tales.<\/p>\n\n\n\n<p>Bas\u00e9e sur <a href=\"https:\/\/www.felsineoveg.com\/fr\/mopur\/\">MOPUR\u00ae<\/a>, une pr\u00e9paration qui pr\u00e9voit l\u2019utilisation du levain et des farines biologiques qui donnent des go\u00fbts et des parfums all\u00e9chants et une consistance unique, la charcuterie v\u00e9g\u00e9tale est r\u00e9alis\u00e9e \u00e0 travers un processus de production qui pr\u00e9serve l\u2019int\u00e9grit\u00e9 des ingr\u00e9dients, gr\u00e2ce \u00e9galement \u00e0 la fermentation naturelle et \u00e0 la cuisson \u00e0 l\u2019eau.<\/p>\n\n\n\n<h3 class=\"wp-block-heading\" id=\"i-valori-del-marchio-good-green\"><strong>Les valeurs de la marque GOOD&amp;GREEN<\/strong><\/h3>\n","protected":false},"excerpt":{"rendered":"<p>FelsineoVeg r\u00e9pond aux nouvelles tendances de consommation avec la charcuterie v\u00e9g\u00e9tale et biologique GOOD&amp;GREEN, en offrant une alternative \u00e0 la viande ou simplement d\u2019\u00e9quilibrer le r\u00e9gime de mani\u00e8re vari\u00e9e et \u00e9quilibr\u00e9e avec un juste apport en prot\u00e9ines 100% v\u00e9g\u00e9tales. Bas\u00e9e sur MOPUR\u00ae, une pr\u00e9paration qui pr\u00e9voit l\u2019utilisation du levain et des farines biologiques qui donnent [&hellip;]<\/p>\n","protected":false},"author":1,"featured_media":262,"parent":0,"menu_order":0,"comment_status":"closed","ping_status":"closed","template":"","meta":{"footnotes":""},"class_list":["post-52","page","type-page","status-publish","has-post-thumbnail","hentry"],"_links":{"self":[{"href":"https:\/\/www.felsineoveg.com\/fr\/wp-json\/wp\/v2\/pages\/52","targetHints":{"allow":["GET"]}}],"collection":[{"href":"https:\/\/www.felsineoveg.com\/fr\/wp-json\/wp\/v2\/pages"}],"about":[{"href":"https:\/\/www.felsineoveg.com\/fr\/wp-json\/wp\/v2\/types\/page"}],"author":[{"embeddable":true,"href":"https:\/\/www.felsineoveg.com\/fr\/wp-json\/wp\/v2\/users\/1"}],"replies":[{"embeddable":true,"href":"https:\/\/www.felsineoveg.com\/fr\/wp-json\/wp\/v2\/comments?post=52"}],"version-history":[{"count":2,"href":"https:\/\/www.felsineoveg.com\/fr\/wp-json\/wp\/v2\/pages\/52\/revisions"}],"predecessor-version":[{"id":56,"href":"https:\/\/www.felsineoveg.com\/fr\/wp-json\/wp\/v2\/pages\/52\/revisions\/56"}],"wp:featuredmedia":[{"embeddable":true,"href":"https:\/\/www.felsineoveg.com\/fr\/wp-json\/wp\/v2\/media\/262"}],"wp:attachment":[{"href":"https:\/\/www.felsineoveg.com\/fr\/wp-json\/wp\/v2\/media?parent=52"}],"curies":[{"name":"wp","href":"https:\/\/api.w.org\/{rel}","templated":true}]}}