{"id":40,"date":"2022-07-08T13:37:31","date_gmt":"2022-07-08T11:37:31","guid":{"rendered":"https:\/\/www.felsineoveg.com\/fr\/?page_id=40"},"modified":"2024-07-18T08:54:33","modified_gmt":"2024-07-18T06:54:33","slug":"qualite","status":"publish","type":"page","link":"https:\/\/www.felsineoveg.com\/fr\/qualite\/","title":{"rendered":"Notre Engagement"},"content":{"rendered":"\n<p>Qualit\u00e9 signifie <strong>engagement constant<\/strong> qui, associ\u00e9 \u00e0 la <strong>capacit\u00e9 d\u2019innover<\/strong> chaque jour, nous porte \u00e0 obtenir de <strong>meilleurs r\u00e9sultats<\/strong>, tout en restant fid\u00e8le \u00e0 la <strong>promesse de qualit\u00e9 et d\u2019int\u00e9grit\u00e9 des produits<\/strong>.<\/p>\n","protected":false},"excerpt":{"rendered":"<p>Qualit\u00e9 signifie engagement constant qui, associ\u00e9 \u00e0 la capacit\u00e9 d\u2019innover chaque jour, nous porte \u00e0 obtenir de meilleurs r\u00e9sultats, tout en restant fid\u00e8le \u00e0 la promesse de qualit\u00e9 et d\u2019int\u00e9grit\u00e9 des produits.<\/p>\n","protected":false},"author":1,"featured_media":41,"parent":0,"menu_order":0,"comment_status":"closed","ping_status":"closed","template":"page-quality.php","meta":{"footnotes":""},"class_list":["post-40","page","type-page","status-publish","has-post-thumbnail","hentry"],"_links":{"self":[{"href":"https:\/\/www.felsineoveg.com\/fr\/wp-json\/wp\/v2\/pages\/40","targetHints":{"allow":["GET"]}}],"collection":[{"href":"https:\/\/www.felsineoveg.com\/fr\/wp-json\/wp\/v2\/pages"}],"about":[{"href":"https:\/\/www.felsineoveg.com\/fr\/wp-json\/wp\/v2\/types\/page"}],"author":[{"embeddable":true,"href":"https:\/\/www.felsineoveg.com\/fr\/wp-json\/wp\/v2\/users\/1"}],"replies":[{"embeddable":true,"href":"https:\/\/www.felsineoveg.com\/fr\/wp-json\/wp\/v2\/comments?post=40"}],"version-history":[{"count":3,"href":"https:\/\/www.felsineoveg.com\/fr\/wp-json\/wp\/v2\/pages\/40\/revisions"}],"predecessor-version":[{"id":360,"href":"https:\/\/www.felsineoveg.com\/fr\/wp-json\/wp\/v2\/pages\/40\/revisions\/360"}],"wp:featuredmedia":[{"embeddable":true,"href":"https:\/\/www.felsineoveg.com\/fr\/wp-json\/wp\/v2\/media\/41"}],"wp:attachment":[{"href":"https:\/\/www.felsineoveg.com\/fr\/wp-json\/wp\/v2\/media?parent=40"}],"curies":[{"name":"wp","href":"https:\/\/api.w.org\/{rel}","templated":true}]}}