{"id":2,"date":"2022-07-08T11:41:24","date_gmt":"2022-07-08T09:41:24","guid":{"rendered":"https:\/\/www.felsineoveg.com\/fr\/?page_id=2"},"modified":"2025-04-18T08:52:50","modified_gmt":"2025-04-18T06:52:50","slug":"mopur","status":"publish","type":"page","link":"https:\/\/www.felsineoveg.com\/fr\/mopur\/","title":{"rendered":"Mopur\u00ae"},"content":{"rendered":"\n<h3 class=\"wp-block-heading\"><strong>Qu\u2019est-ce que c\u2019est?<\/strong><\/h3>\n\n\n\n<p>Le Mopur\u00ae est un <strong>processus de production<\/strong> associ\u00e9 \u00e0 une pr\u00e9paration exclusive qui pr\u00e9voit <strong>l\u2019utilisation du levain et des farines \u00e0 base de c\u00e9r\u00e9ales et de l\u00e9gumes<\/strong> qui donnent \u00e0 la charcuterie d\u2019origine v\u00e9g\u00e9tale des go\u00fbts et des parfums all\u00e9chants et une consistance unique.<\/p>\n\n\n\n<p>Le processus de production innovant permet en outre de pr\u00e9server <strong>l\u2019int\u00e9grit\u00e9 des ingr\u00e9dients utilis\u00e9s<\/strong>, gr\u00e2ce \u00e9galement \u00e0 la fermentation naturelle d\u00e9clench\u00e9e par les levures et les bact\u00e9ries lactiques et \u00e0 la cuisson \u00e0 l\u2019eau.<\/p>\n\n\n\n<p>Gr\u00e2ce \u00e0 la synergie entre ces deux \u00e9l\u00e9ments, le Mopur\u00ae donne aux produits GOOD&amp;GREEN des propri\u00e9t\u00e9s nutritives et aromatiques caract\u00e9ristiques qui en font les protagonistes de vos plats.<\/p>\n","protected":false},"excerpt":{"rendered":"<p>Qu\u2019est-ce que c\u2019est? Le Mopur\u00ae est un processus de production associ\u00e9 \u00e0 une pr\u00e9paration exclusive qui pr\u00e9voit l\u2019utilisation du levain et des farines \u00e0 base de c\u00e9r\u00e9ales et de l\u00e9gumes qui donnent \u00e0 la charcuterie d\u2019origine v\u00e9g\u00e9tale des go\u00fbts et des parfums all\u00e9chants et une consistance unique. Le processus de production innovant permet en outre [&hellip;]<\/p>\n","protected":false},"author":1,"featured_media":8,"parent":0,"menu_order":0,"comment_status":"closed","ping_status":"open","template":"page-mopur.php","meta":{"footnotes":""},"class_list":["post-2","page","type-page","status-publish","has-post-thumbnail","hentry"],"_links":{"self":[{"href":"https:\/\/www.felsineoveg.com\/fr\/wp-json\/wp\/v2\/pages\/2","targetHints":{"allow":["GET"]}}],"collection":[{"href":"https:\/\/www.felsineoveg.com\/fr\/wp-json\/wp\/v2\/pages"}],"about":[{"href":"https:\/\/www.felsineoveg.com\/fr\/wp-json\/wp\/v2\/types\/page"}],"author":[{"embeddable":true,"href":"https:\/\/www.felsineoveg.com\/fr\/wp-json\/wp\/v2\/users\/1"}],"replies":[{"embeddable":true,"href":"https:\/\/www.felsineoveg.com\/fr\/wp-json\/wp\/v2\/comments?post=2"}],"version-history":[{"count":6,"href":"https:\/\/www.felsineoveg.com\/fr\/wp-json\/wp\/v2\/pages\/2\/revisions"}],"predecessor-version":[{"id":388,"href":"https:\/\/www.felsineoveg.com\/fr\/wp-json\/wp\/v2\/pages\/2\/revisions\/388"}],"wp:featuredmedia":[{"embeddable":true,"href":"https:\/\/www.felsineoveg.com\/fr\/wp-json\/wp\/v2\/media\/8"}],"wp:attachment":[{"href":"https:\/\/www.felsineoveg.com\/fr\/wp-json\/wp\/v2\/media?parent=2"}],"curies":[{"name":"wp","href":"https:\/\/api.w.org\/{rel}","templated":true}]}}