{"id":341,"date":"2024-06-11T09:52:07","date_gmt":"2024-06-11T07:52:07","guid":{"rendered":"https:\/\/www.felsineoveg.com\/es\/?post_type=product&#038;p=341"},"modified":"2024-06-11T10:22:51","modified_gmt":"2024-06-11T08:22:51","slug":"good-and-green-mopur-one-al-gusto-raffinato","status":"publish","type":"product","link":"https:\/\/www.felsineoveg.com\/es\/producto\/good-and-green-mopur-one-al-gusto-raffinato\/","title":{"rendered":"Good&amp;Green Mopur\u00ae One al gusto Raffinato"},"content":{"rendered":"\n<p>Su combinaci\u00f3n \u00fanica de sabores sofisticados y textura impecable lo convierten en un placer para el paladar y una opci\u00f3n culinaria inigualable.<\/p>\n","protected":false},"author":1,"featured_media":342,"template":"","products":[43],"class_list":["post-341","product","type-product","status-publish","has-post-thumbnail","hentry","products-medallones-vegetales"],"_links":{"self":[{"href":"https:\/\/www.felsineoveg.com\/es\/wp-json\/wp\/v2\/product\/341","targetHints":{"allow":["GET"]}}],"collection":[{"href":"https:\/\/www.felsineoveg.com\/es\/wp-json\/wp\/v2\/product"}],"about":[{"href":"https:\/\/www.felsineoveg.com\/es\/wp-json\/wp\/v2\/types\/product"}],"author":[{"embeddable":true,"href":"https:\/\/www.felsineoveg.com\/es\/wp-json\/wp\/v2\/users\/1"}],"version-history":[{"count":2,"href":"https:\/\/www.felsineoveg.com\/es\/wp-json\/wp\/v2\/product\/341\/revisions"}],"predecessor-version":[{"id":344,"href":"https:\/\/www.felsineoveg.com\/es\/wp-json\/wp\/v2\/product\/341\/revisions\/344"}],"wp:featuredmedia":[{"embeddable":true,"href":"https:\/\/www.felsineoveg.com\/es\/wp-json\/wp\/v2\/media\/342"}],"wp:attachment":[{"href":"https:\/\/www.felsineoveg.com\/es\/wp-json\/wp\/v2\/media?parent=341"}],"wp:term":[{"taxonomy":"products","embeddable":true,"href":"https:\/\/www.felsineoveg.com\/es\/wp-json\/wp\/v2\/products?post=341"}],"curies":[{"name":"wp","href":"https:\/\/api.w.org\/{rel}","templated":true}]}}