{"id":311,"date":"2023-08-11T10:50:30","date_gmt":"2023-08-11T08:50:30","guid":{"rendered":"https:\/\/www.felsineoveg.com\/es\/?post_type=product&#038;p=311"},"modified":"2024-03-05T14:00:45","modified_gmt":"2024-03-05T13:00:45","slug":"good-and-green-mopur-piezas-enteras-vegetales-con-sabor-a-jamon-ahumado","status":"publish","type":"product","link":"https:\/\/www.felsineoveg.com\/es\/producto\/good-and-green-mopur-piezas-enteras-vegetales-con-sabor-a-jamon-ahumado\/","title":{"rendered":"Good&amp;Green Mopur\u00ae Piezas Enteras Vegetales con sabor a Jamon ahumado"},"content":{"rendered":"\n<p>Est\u00e1 inspirado en el embutido t\u00edpico de la tradici\u00f3n culinaria alpina. Las notas ahumadas son claramente perceptibles tanto en nariz como en boca, caracterizando este producto de manera \u00fanica y equilibr\u00e1ndolo con el bouquet de especias.<\/p>\n","protected":false},"author":2,"featured_media":265,"template":"","products":[38,36],"class_list":["post-311","product","type-product","status-publish","has-post-thumbnail","hentry","products-gourmet-piezas-enteras-vegetales","products-piezas-enteras-vegetales"],"_links":{"self":[{"href":"https:\/\/www.felsineoveg.com\/es\/wp-json\/wp\/v2\/product\/311","targetHints":{"allow":["GET"]}}],"collection":[{"href":"https:\/\/www.felsineoveg.com\/es\/wp-json\/wp\/v2\/product"}],"about":[{"href":"https:\/\/www.felsineoveg.com\/es\/wp-json\/wp\/v2\/types\/product"}],"author":[{"embeddable":true,"href":"https:\/\/www.felsineoveg.com\/es\/wp-json\/wp\/v2\/users\/2"}],"version-history":[{"count":1,"href":"https:\/\/www.felsineoveg.com\/es\/wp-json\/wp\/v2\/product\/311\/revisions"}],"predecessor-version":[{"id":314,"href":"https:\/\/www.felsineoveg.com\/es\/wp-json\/wp\/v2\/product\/311\/revisions\/314"}],"wp:featuredmedia":[{"embeddable":true,"href":"https:\/\/www.felsineoveg.com\/es\/wp-json\/wp\/v2\/media\/265"}],"wp:attachment":[{"href":"https:\/\/www.felsineoveg.com\/es\/wp-json\/wp\/v2\/media?parent=311"}],"wp:term":[{"taxonomy":"products","embeddable":true,"href":"https:\/\/www.felsineoveg.com\/es\/wp-json\/wp\/v2\/products?post=311"}],"curies":[{"name":"wp","href":"https:\/\/api.w.org\/{rel}","templated":true}]}}