{"id":8,"date":"2022-07-13T07:26:01","date_gmt":"2022-07-13T05:26:01","guid":{"rendered":"https:\/\/www.felsineoveg.com\/es\/?page_id=8"},"modified":"2022-07-13T07:34:33","modified_gmt":"2022-07-13T05:34:33","slug":"nutricion","status":"publish","type":"page","link":"https:\/\/www.felsineoveg.com\/es\/nutricion\/","title":{"rendered":"Nutrici\u00f3n"},"content":{"rendered":"\n<h3 class=\"wp-block-heading\" id=\"il-piacere-del-gusto-unito-al-giusto-valore-nutrizionale\">El placer del gusto unido al justo valor nutricional<\/h3>\n\n\n<div class=\"wp-block-image\">\n<figure class=\"alignright size-full\"><img decoding=\"async\" src=\"https:\/\/www.felsineoveg.com\/wp-content\/uploads\/2022\/01\/banner-page-nutrition-1.png\" alt=\"\" class=\"wp-image-236\"\/><\/figure>\n<\/div>\n\n\n<p>Los productos nacen de la intuici\u00f3n de unir cereales y legumbres de manera sabrosa y nutriente. Los cereales y derivados siempre han sido, en la alimentaci\u00f3n italiana, la principal fuente de hidratos de carbono. En una alimentaci\u00f3n equilibrada, el 60% de las calor\u00edas proviene de los hidratos de carbono, mejor si son complejos. Los hidratos de carbono son energ\u00eda limpia, el organismo los absorbe sin producir compuestos nitrogenados y se eliminan mediante h\u00edgado y ri\u00f1ones, contribuyendo de este modo a prevenir procesos inflamatorios.<\/p>\n\n\n\n<p>Todos nuestros productos contienen <strong>gluten de trigo <\/strong>secado a bajas temperaturas, un tratamiento que conserva del mejor modo las propiedades nutritivas. El gluten es una de las fracciones proteicas de los cereales, naturalmente presente en el trigo.<\/p>\n\n\n\n<p>Como lo demuestra la investigaci\u00f3n cient\u00edfica:<\/p>\n\n\n\n<ul class=\"wp-block-list\"><li>Las <strong>prote\u00ednas vegetales <\/strong>son capaces de suministrar una buena dosis de amino\u00e1cidos necesaria para regular el funcionamiento del metabolismo corporal, el mantenimiento y el aumento de la masa muscular, as\u00ed como el desarrollo de huesos fuertes.<\/li><li>El <strong>f\u00f3sforo <\/strong>contribuye al mantenimiento del buen estado de salud de huesos y dientes y al desarrollo en los ni\u00f1os, siendo adem\u00e1s importante para el funcionamiento normal de las membranas celulares y para el mecanismo de intercambio energ\u00e9tico.<\/li><\/ul>\n\n\n\n<p>Ambos principios nutritivos est\u00e1n presentes en toda la gama.<\/p>\n","protected":false},"excerpt":{"rendered":"<p>El placer del gusto unido al justo valor nutricional Los productos nacen de la intuici\u00f3n de unir cereales y legumbres de manera sabrosa y nutriente. Los cereales y derivados siempre han sido, en la alimentaci\u00f3n italiana, la principal fuente de hidratos de carbono. En una alimentaci\u00f3n equilibrada, el 60% de las calor\u00edas proviene de los [&hellip;]<\/p>\n","protected":false},"author":1,"featured_media":11,"parent":0,"menu_order":0,"comment_status":"closed","ping_status":"closed","template":"","meta":{"footnotes":""},"class_list":["post-8","page","type-page","status-publish","has-post-thumbnail","hentry"],"_links":{"self":[{"href":"https:\/\/www.felsineoveg.com\/es\/wp-json\/wp\/v2\/pages\/8","targetHints":{"allow":["GET"]}}],"collection":[{"href":"https:\/\/www.felsineoveg.com\/es\/wp-json\/wp\/v2\/pages"}],"about":[{"href":"https:\/\/www.felsineoveg.com\/es\/wp-json\/wp\/v2\/types\/page"}],"author":[{"embeddable":true,"href":"https:\/\/www.felsineoveg.com\/es\/wp-json\/wp\/v2\/users\/1"}],"replies":[{"embeddable":true,"href":"https:\/\/www.felsineoveg.com\/es\/wp-json\/wp\/v2\/comments?post=8"}],"version-history":[{"count":1,"href":"https:\/\/www.felsineoveg.com\/es\/wp-json\/wp\/v2\/pages\/8\/revisions"}],"predecessor-version":[{"id":9,"href":"https:\/\/www.felsineoveg.com\/es\/wp-json\/wp\/v2\/pages\/8\/revisions\/9"}],"wp:featuredmedia":[{"embeddable":true,"href":"https:\/\/www.felsineoveg.com\/es\/wp-json\/wp\/v2\/media\/11"}],"wp:attachment":[{"href":"https:\/\/www.felsineoveg.com\/es\/wp-json\/wp\/v2\/media?parent=8"}],"curies":[{"name":"wp","href":"https:\/\/api.w.org\/{rel}","templated":true}]}}