{"id":78,"date":"2022-07-19T10:35:21","date_gmt":"2022-07-19T08:35:21","guid":{"rendered":"https:\/\/www.felsineoveg.com\/es\/?page_id=78"},"modified":"2023-02-22T09:52:59","modified_gmt":"2023-02-22T08:52:59","slug":"datos-corporativos","status":"publish","type":"page","link":"https:\/\/www.felsineoveg.com\/es\/datos-corporativos\/","title":{"rendered":"Datos Corporativos"},"content":{"rendered":"\n<h3 class=\"wp-block-heading\" id=\"felsineoveg-s-r-l-societa-benefit\">FelsineoVeg S.r.l. Societ\u00e0 Benefit<\/h3>\n\n\n\n<p>Via Masetti 6, 40069 Zola Predosa (BO), Italy<br>Tel. +39 051\u00a00190601 \u2013 Fax. +39 051 0190602 \u2013 info@felsineoveg.com<br>Inscripta en el Registro Mercantil de BOLONIA\u2013 CIF y P.I. 03561781208<br>Inscrita en el R.E.A. de BOLONIA con el n\u00b0 529003<br>Capital social en euros 2.500.000,00 completamente depositado<\/p>\n\n\n\n<p><strong><strong>Bajo la direcci\u00f3n y coordinaci\u00f3n de Felsineo S.p.A Societ\u00e0 Benefit<\/strong><\/strong><\/p>\n","protected":false},"excerpt":{"rendered":"<p>FelsineoVeg S.r.l. Societ\u00e0 Benefit Via Masetti 6, 40069 Zola Predosa (BO), ItalyTel. +39 051\u00a00190601 \u2013 Fax. +39 051 0190602 \u2013 info@felsineoveg.comInscripta en el Registro Mercantil de BOLONIA\u2013 CIF y P.I. 03561781208Inscrita en el R.E.A. de BOLONIA con el n\u00b0 529003Capital social en euros 2.500.000,00 completamente depositado Bajo la direcci\u00f3n y coordinaci\u00f3n de Felsineo S.p.A Societ\u00e0 [&hellip;]<\/p>\n","protected":false},"author":1,"featured_media":40,"parent":0,"menu_order":0,"comment_status":"closed","ping_status":"closed","template":"","meta":{"footnotes":""},"class_list":["post-78","page","type-page","status-publish","has-post-thumbnail","hentry"],"_links":{"self":[{"href":"https:\/\/www.felsineoveg.com\/es\/wp-json\/wp\/v2\/pages\/78","targetHints":{"allow":["GET"]}}],"collection":[{"href":"https:\/\/www.felsineoveg.com\/es\/wp-json\/wp\/v2\/pages"}],"about":[{"href":"https:\/\/www.felsineoveg.com\/es\/wp-json\/wp\/v2\/types\/page"}],"author":[{"embeddable":true,"href":"https:\/\/www.felsineoveg.com\/es\/wp-json\/wp\/v2\/users\/1"}],"replies":[{"embeddable":true,"href":"https:\/\/www.felsineoveg.com\/es\/wp-json\/wp\/v2\/comments?post=78"}],"version-history":[{"count":2,"href":"https:\/\/www.felsineoveg.com\/es\/wp-json\/wp\/v2\/pages\/78\/revisions"}],"predecessor-version":[{"id":207,"href":"https:\/\/www.felsineoveg.com\/es\/wp-json\/wp\/v2\/pages\/78\/revisions\/207"}],"wp:featuredmedia":[{"embeddable":true,"href":"https:\/\/www.felsineoveg.com\/es\/wp-json\/wp\/v2\/media\/40"}],"wp:attachment":[{"href":"https:\/\/www.felsineoveg.com\/es\/wp-json\/wp\/v2\/media?parent=78"}],"curies":[{"name":"wp","href":"https:\/\/api.w.org\/{rel}","templated":true}]}}