{"id":65,"date":"2022-07-19T10:09:12","date_gmt":"2022-07-19T08:09:12","guid":{"rendered":"https:\/\/www.felsineoveg.com\/es\/?page_id=65"},"modified":"2024-03-05T16:01:19","modified_gmt":"2024-03-05T15:01:19","slug":"mopur","status":"publish","type":"page","link":"https:\/\/www.felsineoveg.com\/es\/mopur\/","title":{"rendered":"Mopur\u00ae"},"content":{"rendered":"\n<h3 class=\"wp-block-heading\" id=\"che-cos-e\"><strong>\u00bfQu\u00e9 es?<\/strong><\/h3>\n\n\n\n<p>El Mopur\u00ae es un <strong>proceso productivo<\/strong> combinado con una receta exclusiva que prev\u00e9 <strong>el uso de masa madre y de harinas a base de cereales<\/strong>, \u00e9stas confieren a los embutidos a base de vegetales sabores y aromas atrayentes y una consistencia \u00fanica.<\/p>\n\n\n\n<p>Este innovador proceso productivo permite, adem\u00e1s, conservar <strong>la integridad de los ingredientes empleados<\/strong>, gracias a la fermentaci\u00f3n natural iniciada por las levaduras y bacterias l\u00e1cticas y la cocci\u00f3n en agua.<\/p>\n\n\n\n<p>Debido a la sinergia entre estos dos elementos, el Mopur\u00ae brinda a los productos GOOD&amp;GREEN propiedades nutritivas arom\u00e1ticas caracter\u00edsticas que los convierten en protagonistas ideales de tus platos.<\/p>\n","protected":false},"excerpt":{"rendered":"<p>\u00bfQu\u00e9 es? El Mopur\u00ae es un proceso productivo combinado con una receta exclusiva que prev\u00e9 el uso de masa madre y de harinas a base de cereales, \u00e9stas confieren a los embutidos a base de vegetales sabores y aromas atrayentes y una consistencia \u00fanica. Este innovador proceso productivo permite, adem\u00e1s, conservar la integridad de los [&hellip;]<\/p>\n","protected":false},"author":1,"featured_media":89,"parent":0,"menu_order":0,"comment_status":"closed","ping_status":"closed","template":"page-mopur.php","meta":{"footnotes":""},"class_list":["post-65","page","type-page","status-publish","has-post-thumbnail","hentry"],"_links":{"self":[{"href":"https:\/\/www.felsineoveg.com\/es\/wp-json\/wp\/v2\/pages\/65","targetHints":{"allow":["GET"]}}],"collection":[{"href":"https:\/\/www.felsineoveg.com\/es\/wp-json\/wp\/v2\/pages"}],"about":[{"href":"https:\/\/www.felsineoveg.com\/es\/wp-json\/wp\/v2\/types\/page"}],"author":[{"embeddable":true,"href":"https:\/\/www.felsineoveg.com\/es\/wp-json\/wp\/v2\/users\/1"}],"replies":[{"embeddable":true,"href":"https:\/\/www.felsineoveg.com\/es\/wp-json\/wp\/v2\/comments?post=65"}],"version-history":[{"count":3,"href":"https:\/\/www.felsineoveg.com\/es\/wp-json\/wp\/v2\/pages\/65\/revisions"}],"predecessor-version":[{"id":332,"href":"https:\/\/www.felsineoveg.com\/es\/wp-json\/wp\/v2\/pages\/65\/revisions\/332"}],"wp:featuredmedia":[{"embeddable":true,"href":"https:\/\/www.felsineoveg.com\/es\/wp-json\/wp\/v2\/media\/89"}],"wp:attachment":[{"href":"https:\/\/www.felsineoveg.com\/es\/wp-json\/wp\/v2\/media?parent=65"}],"curies":[{"name":"wp","href":"https:\/\/api.w.org\/{rel}","templated":true}]}}