{"id":63,"date":"2022-07-19T10:09:34","date_gmt":"2022-07-19T08:09:34","guid":{"rendered":"https:\/\/www.felsineoveg.com\/es\/?page_id=63"},"modified":"2023-03-28T11:55:43","modified_gmt":"2023-03-28T09:55:43","slug":"good-and-green","status":"publish","type":"page","link":"https:\/\/www.felsineoveg.com\/es\/good-and-green\/","title":{"rendered":"Good&#038;Green"},"content":{"rendered":"\n<p><strong>FelsineoVeg responde a las nuevas tendencias de consumo con los embutidos vegetales y ecol\u00f3gicos GOOD&amp;GREEN<\/strong>, ofreciendo una alternativa a la carne o simplemente compensan la dieta de forma variada y equilibrada con el justo aporte de prote\u00ednas 100% vegetales.<\/p>\n\n\n\n<p>Basados en <a href=\"https:\/\/www.felsineoveg.com\/es\/mopur\/\">MOPUR\u00ae<\/a>, una receta que prev\u00e9 el uso de masa madre y de harinas biol\u00f3gicas que confieren sabores y aromas cautivadores adem\u00e1s de una consistencia \u00fanica, los embutidos vegetales se realizan mediante un proceso productivo que conserva la integridad de los ingredientes, gracias a la fermentaci\u00f3n natural y a la cocci\u00f3n en agua.<\/p>\n\n\n\n<h3 class=\"wp-block-heading\">Los valores de la marca GOOD&amp;GREEN<\/h3>\n","protected":false},"excerpt":{"rendered":"<p>FelsineoVeg responde a las nuevas tendencias de consumo con los embutidos vegetales y ecol\u00f3gicos GOOD&amp;GREEN, ofreciendo una alternativa a la carne o simplemente compensan la dieta de forma variada y equilibrada con el justo aporte de prote\u00ednas 100% vegetales. Basados en MOPUR\u00ae, una receta que prev\u00e9 el uso de masa madre y de harinas biol\u00f3gicas [&hellip;]<\/p>\n","protected":false},"author":1,"featured_media":217,"parent":0,"menu_order":0,"comment_status":"closed","ping_status":"closed","template":"page-good-and-green.php","meta":{"footnotes":""},"class_list":["post-63","page","type-page","status-publish","has-post-thumbnail","hentry"],"_links":{"self":[{"href":"https:\/\/www.felsineoveg.com\/es\/wp-json\/wp\/v2\/pages\/63","targetHints":{"allow":["GET"]}}],"collection":[{"href":"https:\/\/www.felsineoveg.com\/es\/wp-json\/wp\/v2\/pages"}],"about":[{"href":"https:\/\/www.felsineoveg.com\/es\/wp-json\/wp\/v2\/types\/page"}],"author":[{"embeddable":true,"href":"https:\/\/www.felsineoveg.com\/es\/wp-json\/wp\/v2\/users\/1"}],"replies":[{"embeddable":true,"href":"https:\/\/www.felsineoveg.com\/es\/wp-json\/wp\/v2\/comments?post=63"}],"version-history":[{"count":2,"href":"https:\/\/www.felsineoveg.com\/es\/wp-json\/wp\/v2\/pages\/63\/revisions"}],"predecessor-version":[{"id":68,"href":"https:\/\/www.felsineoveg.com\/es\/wp-json\/wp\/v2\/pages\/63\/revisions\/68"}],"wp:featuredmedia":[{"embeddable":true,"href":"https:\/\/www.felsineoveg.com\/es\/wp-json\/wp\/v2\/media\/217"}],"wp:attachment":[{"href":"https:\/\/www.felsineoveg.com\/es\/wp-json\/wp\/v2\/media?parent=63"}],"curies":[{"name":"wp","href":"https:\/\/api.w.org\/{rel}","templated":true}]}}