{"id":34,"date":"2022-07-13T08:12:00","date_gmt":"2022-07-13T06:12:00","guid":{"rendered":"https:\/\/www.felsineoveg.com\/es\/?page_id=34"},"modified":"2022-07-13T08:15:32","modified_gmt":"2022-07-13T06:15:32","slug":"recetas","status":"publish","type":"page","link":"https:\/\/www.felsineoveg.com\/es\/recetas\/","title":{"rendered":"Recetas"},"content":{"rendered":"\n<p><strong>Muchas ideas y sabores que garantizan la m\u00e1xima versatilidad en la cocina.<\/strong><\/p>\n\n\n\n<p>En esta secci\u00f3n puedes encontrar <strong>platos simples y deliciosos<\/strong>, <strong>para disfrutar en familia o con amigos<\/strong>. Elige dentro de nuestra amplia gama el producto que prefieras como protagonista de tu plato y elige si saborearlo de forma natural o bien puedes probar una receta. <strong>Nuestros productos se prestan para las preparaciones m\u00e1s variadas<\/strong>: el sabor se exalta amalgam\u00e1ndose con el de las especias y condimentos empleados. El l\u00edmite es solo tu fantas\u00eda.<\/p>\n","protected":false},"excerpt":{"rendered":"<p>Muchas ideas y sabores que garantizan la m\u00e1xima versatilidad en la cocina. En esta secci\u00f3n puedes encontrar platos simples y deliciosos, para disfrutar en familia o con amigos. Elige dentro de nuestra amplia gama el producto que prefieras como protagonista de tu plato y elige si saborearlo de forma natural o bien puedes probar una [&hellip;]<\/p>\n","protected":false},"author":1,"featured_media":35,"parent":0,"menu_order":0,"comment_status":"closed","ping_status":"closed","template":"page-recipes.php","meta":{"footnotes":""},"class_list":["post-34","page","type-page","status-publish","has-post-thumbnail","hentry"],"_links":{"self":[{"href":"https:\/\/www.felsineoveg.com\/es\/wp-json\/wp\/v2\/pages\/34","targetHints":{"allow":["GET"]}}],"collection":[{"href":"https:\/\/www.felsineoveg.com\/es\/wp-json\/wp\/v2\/pages"}],"about":[{"href":"https:\/\/www.felsineoveg.com\/es\/wp-json\/wp\/v2\/types\/page"}],"author":[{"embeddable":true,"href":"https:\/\/www.felsineoveg.com\/es\/wp-json\/wp\/v2\/users\/1"}],"replies":[{"embeddable":true,"href":"https:\/\/www.felsineoveg.com\/es\/wp-json\/wp\/v2\/comments?post=34"}],"version-history":[{"count":1,"href":"https:\/\/www.felsineoveg.com\/es\/wp-json\/wp\/v2\/pages\/34\/revisions"}],"predecessor-version":[{"id":36,"href":"https:\/\/www.felsineoveg.com\/es\/wp-json\/wp\/v2\/pages\/34\/revisions\/36"}],"wp:featuredmedia":[{"embeddable":true,"href":"https:\/\/www.felsineoveg.com\/es\/wp-json\/wp\/v2\/media\/35"}],"wp:attachment":[{"href":"https:\/\/www.felsineoveg.com\/es\/wp-json\/wp\/v2\/media?parent=34"}],"curies":[{"name":"wp","href":"https:\/\/api.w.org\/{rel}","templated":true}]}}