{"id":12,"date":"2022-07-13T07:37:12","date_gmt":"2022-07-13T05:37:12","guid":{"rendered":"https:\/\/www.felsineoveg.com\/es\/?page_id=12"},"modified":"2022-07-13T07:37:14","modified_gmt":"2022-07-13T05:37:14","slug":"sabias-que","status":"publish","type":"page","link":"https:\/\/www.felsineoveg.com\/es\/sabias-que\/","title":{"rendered":"Sab\u00edas que"},"content":{"rendered":"<div class=\"wp-block-image\">\n<figure class=\"alignright size-full is-resized\"><img loading=\"lazy\" decoding=\"async\" src=\"https:\/\/www.felsineoveg.com\/wp-content\/uploads\/2022\/01\/banner-page-did-you-know-that-1.png\" alt=\"\" class=\"wp-image-243\" width=\"500\" height=\"508\"\/><\/figure>\n<\/div>\n\n\n<p>Las pautas para una alimentaci\u00f3n sana establecidas por el <a href=\"http:\/\/nut.entecra.it\/\" target=\"_blank\" rel=\"noreferrer noopener\">CREA<\/a> (Centro de Investigaci\u00f3n de los Alimentos y la Nutrici\u00f3n) y para un aporte nutricional completo recomienda <strong>una dieta compuesta por cereales, legumbres, hortalizas y fruta<\/strong>: alimentos considerados importantes como fuente de hidratos de carbono, fibras, prote\u00ednas vegetales y tambi\u00e9n vitaminas y minerales.<\/p>\n\n\n\n<p>Cambiar la dieta, dentro de un r\u00e9gimen diet\u00e9tico omn\u00edvoro, permite optimizar los factores pro-nutricionales, limitando aquellos anti-nutricionales. Nuestros productos se presentan como un alimento equilibrado debido a los <strong>ingredientes seleccionados y perfectamente equilibrados<\/strong> y a que constituyen una alternativa v\u00e1lida a las fuentes de prote\u00ednas animales.<\/p>\n\n\n\n<p>Una dieta rica de origen vegetal, explica el nutricionista Andrea Ghiselli del <a href=\"http:\/\/nut.entecra.it\/\" target=\"_blank\" rel=\"noreferrer noopener\">Cra-Nut<\/a> (ex Inran), contribuye a estimular la sensaci\u00f3n de saciedad para poder reducir el aporte cal\u00f3rico.<\/p>\n","protected":false},"excerpt":{"rendered":"<p>Las pautas para una alimentaci\u00f3n sana establecidas por el CREA (Centro de Investigaci\u00f3n de los Alimentos y la Nutrici\u00f3n) y para un aporte nutricional completo recomienda una dieta compuesta por cereales, legumbres, hortalizas y fruta: alimentos considerados importantes como fuente de hidratos de carbono, fibras, prote\u00ednas vegetales y tambi\u00e9n vitaminas y minerales. Cambiar la dieta, [&hellip;]<\/p>\n","protected":false},"author":1,"featured_media":13,"parent":0,"menu_order":0,"comment_status":"closed","ping_status":"closed","template":"","meta":{"footnotes":""},"class_list":["post-12","page","type-page","status-publish","has-post-thumbnail","hentry"],"_links":{"self":[{"href":"https:\/\/www.felsineoveg.com\/es\/wp-json\/wp\/v2\/pages\/12","targetHints":{"allow":["GET"]}}],"collection":[{"href":"https:\/\/www.felsineoveg.com\/es\/wp-json\/wp\/v2\/pages"}],"about":[{"href":"https:\/\/www.felsineoveg.com\/es\/wp-json\/wp\/v2\/types\/page"}],"author":[{"embeddable":true,"href":"https:\/\/www.felsineoveg.com\/es\/wp-json\/wp\/v2\/users\/1"}],"replies":[{"embeddable":true,"href":"https:\/\/www.felsineoveg.com\/es\/wp-json\/wp\/v2\/comments?post=12"}],"version-history":[{"count":1,"href":"https:\/\/www.felsineoveg.com\/es\/wp-json\/wp\/v2\/pages\/12\/revisions"}],"predecessor-version":[{"id":14,"href":"https:\/\/www.felsineoveg.com\/es\/wp-json\/wp\/v2\/pages\/12\/revisions\/14"}],"wp:featuredmedia":[{"embeddable":true,"href":"https:\/\/www.felsineoveg.com\/es\/wp-json\/wp\/v2\/media\/13"}],"wp:attachment":[{"href":"https:\/\/www.felsineoveg.com\/es\/wp-json\/wp\/v2\/media?parent=12"}],"curies":[{"name":"wp","href":"https:\/\/api.w.org\/{rel}","templated":true}]}}